{"id":1767,"date":"2017-03-02T20:27:50","date_gmt":"2017-03-02T20:27:50","guid":{"rendered":"http:\/\/artresidenceprague.com\/catalog\/?page_id=1767"},"modified":"2017-04-19T04:15:51","modified_gmt":"2017-04-19T04:15:51","slug":"jak-nakupovat","status":"publish","type":"page","link":"https:\/\/artresidenceprague.com\/catalog\/czech\/jak-nakupovat\/","title":{"rendered":"JAK NAKUPOVAT"},"content":{"rendered":"<div style=\"color: black;\">\n<p><span style=\"font-family: Roboto Condensed,sans-serif;\"><span style=\"font-size: medium;\"><b>Obchodn\u00ed <\/b><\/span><\/span><\/p>\n<p><span style=\"font-family: Roboto Condensed,sans-serif;\"><span style=\"font-size: medium;\"><b>JAK NAKUPOVAT<\/b><\/span><\/span><\/p>\n<p><span style=\"font-family: Roboto Condensed,sans-serif;\"><span style=\"font-size: medium;\">Pro usnadn\u011bn\u00ed orientace v\u00a0na\u0161em e-shopu jsme zbo\u017e\u00ed rozd\u011blili do n\u011bkolika kategori\u00ed, jejich\u017e seznam naleznete v\u00a0menu v\u00a0lev\u00e9m sloupci. Pokud ji\u017e zn\u00e1te n\u00e1zev v\u00fdrobku, o kter\u00fd m\u00e1te z\u00e1jem, pou\u017eijte \u0159\u00e1dek pro vyhled\u00e1v\u00e1n\u00ed um\u00edst\u011bn\u00fd v\u00a0horn\u00ed \u010d\u00e1sti str\u00e1nky.<\/span><\/span><\/p>\n<p><span style=\"font-family: Roboto Condensed,sans-serif;\"><span style=\"font-size: medium;\">U ka\u017ed\u00e9ho produktu naleznete jeho stru\u010dn\u00fd popis, rozm\u011bry, cenu, barevn\u00e9 varianty a aktu\u00e1ln\u00ed dostupnost. V\u011bt\u0161inu nab\u00edzen\u00e9ho zbo\u017e\u00ed jsme schopni doru\u010dit nejpozd\u011bji do 14 dn\u00ed od zasl\u00e1n\u00ed objedn\u00e1vky \/nebo v dob\u011b stanoven\u00e9 u jednotliv\u00fdch polo\u017eek\/ a uhrazen\u00ed na n\u00e1\u0161 \u00fa\u010det. Pokud pot\u0159ebujete V\u00e1mi vybran\u00e9 zbo\u017e\u00ed d\u0159\u00edve, pros\u00edm kontaktujte n\u00e1s a my se V\u00e1m v\u00a0r\u00e1mci mo\u017enost\u00ed pokus\u00edme vyj\u00edt maxim\u00e1ln\u011b vst\u0159\u00edc.<\/span><\/span><\/p>\n<p><span style=\"font-family: Roboto Condensed,sans-serif;\"><span style=\"font-size: medium;\">Vybran\u00e9 zbo\u017e\u00ed vlo\u017e\u00edte do ko\u0161\u00edku pomoc\u00ed tla\u010d\u00edtek \u201eKoupit\u201c nebo \u201eDo ko\u0161\u00edku\u201c. Kompletn\u00ed obsah Va\u0161eho n\u00e1kupn\u00edho ko\u0161\u00edku uvid\u00edte v\u017edy, kdy\u017e do n\u011bj vlo\u017e\u00edte zbo\u017e\u00ed nebo pokud kliknete zelen\u00e9 tla\u010d\u00edtko \u201eKo\u0161\u00edk\u201c v\u00a0prav\u00e9m horn\u00edm rohu str\u00e1nky. V\u00a0ko\u0161\u00edku p\u0159ehledn\u011b a na jednom m\u00edst\u011b kdykoliv naleznete v\u0161e, co jste do n\u011bj vlo\u017eili \u2013 n\u00e1zev zbo\u017e\u00ed, jeho fotografii, cenu jednotliv\u00fdch v\u00fdrobk\u016f, jejich mno\u017estv\u00ed a celkovou cenu Va\u0161eho n\u00e1kupu.<\/span><\/span><\/p>\n<p><span style=\"font-family: Roboto Condensed,sans-serif;\"><span style=\"font-size: medium;\">P\u0159ed dokon\u010den\u00edm Va\u0161eho n\u00e1kupu budete po\u017e\u00e1d\u00e1n\u00ed o vypln\u011bn\u00ed jm\u00e9na a e-mailov\u00e9 adresy, pop\u0159. i adresy pro doru\u010den\u00ed zbo\u017e\u00ed. Va\u0161e emailov\u00e1 adresa slou\u017e\u00ed pro ve\u0161kerou komunikaci ohledn\u011b Va\u0161\u00ed objedn\u00e1vky, a proto je nutn\u00e9 ji vyplnit. P\u0159ed odesl\u00e1n\u00edm objedn\u00e1vky je V\u00e1m k dispozici jej\u00ed kompletn\u00ed p\u0159ehled a shrnut\u00ed. Pokud jsou v\u0161echny \u00fadaje v po\u0159\u00e1dku, dokon\u010dete objedn\u00e1vku stisknut\u00edm tla\u010d\u00edtka \u201eObjednat\u201c a na V\u00e1mi uveden\u00fd e-mail bude obratem odesl\u00e1no potvrzen\u00ed o p\u0159ijet\u00ed objedn\u00e1vky.<\/span><\/span><\/p>\n<p><span style=\"font-family: Roboto Condensed,sans-serif;\"><span style=\"font-size: medium;\">O ka\u017ed\u00e9m kroku v\u00a0pr\u016fb\u011bhu zpracov\u00e1n\u00ed Va\u0161\u00ed objedn\u00e1vky budete informov\u00e1ni e-mailem. Po celou dobu tak m\u00e1te dokonal\u00fd p\u0159ehled o tom, co se s Va\u0161\u00ed objedn\u00e1vkou d\u011bje a kdy m\u016f\u017eete o\u010dek\u00e1vat doru\u010den\u00ed vybran\u00e9ho zbo\u017e\u00ed. Pokud si p\u0159ejete zm\u011bnit objednan\u00e9 zbo\u017e\u00ed, stornovat nebo zru\u0161it celou objedn\u00e1vku, kontaktujte n\u00e1s telefonicky nebo emailem (+420\u00a0777 713315, katerina@artresidenceprague.com).<\/span><\/span><\/p>\n<p><span style=\"font-family: Roboto Condensed,sans-serif;\"><span style=\"font-size: medium;\"><b>ZP\u016eSOB PLATBY<\/b><\/span><\/span><\/p>\n<p><span style=\"font-family: Roboto Condensed,sans-serif;\"><span style=\"font-size: medium;\">Platba v\u00a0hotovosti \u2013 p\u0159i osobn\u00edm vyzvednut\u00ed zbo\u017e\u00ed p\u0159\u00edmo v Art Residence Prague \/ Dv\u016fr um\u011bn\u00ed Praha (Mosteck\u00e1 14, Praha 1-Mal\u00e1 Strana).<\/span><\/span><\/p>\n<p><span style=\"font-family: Roboto Condensed,sans-serif;\"><span style=\"font-size: medium;\">Platba p\u0159evodem na bankovn\u00ed \u00fa\u010det \u2013 variabiln\u00ed symbol pro platbu a \u010d\u00edslo bankovn\u00edho \u00fa\u010dtu obdr\u017e\u00edte v\u00a0e-mailu potvrzuj\u00edc\u00edm p\u0159ijet\u00ed objedn\u00e1vky do na\u0161eho syst\u00e9mu. Objednan\u00e9 zbo\u017e\u00ed odes\u00edl\u00e1me ihned po p\u0159ips\u00e1n\u00ed platby na n\u00e1\u0161 bankovn\u00ed \u00fa\u010det. \u00a0<\/span><\/span><\/p>\n<p><span style=\"font-family: Roboto Condensed,sans-serif;\"><span style=\"font-size: medium;\"><b>Bankovn\u00ed spojen\u00ed: Komer\u010dn\u00ed banka a.s., \u010d\u00edslo \u00fa\u010dtu: <\/b><\/span><\/span><span style=\"font-family: Tahoma, serif;\"><span style=\"font-size: medium;\"><b>43-4046860207\/0100<\/b><\/span><\/span><\/p>\n<p><span style=\"font-family: Roboto Condensed,sans-serif;\"><span style=\"font-size: medium;\">Platba platebn\u00ed kartou \u2013 tento zp\u016fsob platby realizujeme p\u0159es platebn\u00ed br\u00e1nu GP webpay.<\/span><\/span><\/p>\n<p><span style=\"font-family: Roboto Condensed,sans-serif;\"><span style=\"font-size: medium;\">Da\u0148ov\u00fd doklad, resp. fakturu p\u0159ed\u00e1v\u00e1me z\u00e1kazn\u00edk\u016fm spolu se zbo\u017e\u00edm p\u0159i osobn\u00edm odb\u011bru zbo\u017e\u00ed nebo pos\u00edl\u00e1me automaticky e-mailem ihned pot\u00e9, co obdr\u017e\u00edme od p\u0159epravn\u00ed spole\u010dnosti potvrzen\u00ed o doru\u010den\u00ed z\u00e1silky z\u00e1kazn\u00edkovi. Faktura slou\u017e\u00ed tak\u00e9 jako doklad pro p\u0159\u00edpadnou reklamaci zbo\u017e\u00ed.<\/span><\/span><\/p>\n<p><span style=\"font-family: Roboto Condensed,sans-serif;\"><span style=\"font-size: medium;\"><b>ZP\u016eSOBY DORU\u010cEN\u00cd<\/b><\/span><\/span><\/p>\n<p><span style=\"font-family: Roboto Condensed,sans-serif;\"><span style=\"font-size: medium;\">Osobn\u00ed vyzvednut\u00ed &#8211; zbo\u017e\u00ed je mo\u017en\u00e9 vyzvednout osobn\u011b ve sjednan\u00e9m term\u00ednu p\u0159\u00edmo v galerii Art Residence Prague, Mosteck\u00e1 14, 118 00 Praha 1 \u2013 Mal\u00e1 Strana. Up\u0159ednost\u0148uje-li z\u00e1kazn\u00edk osobn\u00ed odb\u011br zbo\u017e\u00ed, ihned po vyroben\u00ed zbo\u017e\u00ed a p\u0159ipraven\u00ed z\u00e1silky k\u00a0expedici obdr\u017e\u00ed email s\u00a0informac\u00ed, \u017ee zbo\u017e\u00ed je p\u0159ipraven\u00e9 k\u00a0vyzvednut\u00ed a my si s\u00a0n\u00edm prost\u0159ednictv\u00edm emailu nebo telefonicky dohodneme term\u00edn p\u0159evzet\u00ed.<\/span><\/span><\/p>\n<p><span style=\"font-family: Roboto Condensed,sans-serif;\"><span style=\"font-size: medium;\">P\u0159i osobn\u00edm odb\u011bru zbo\u017e\u00ed samoz\u0159ejm\u011b ne\u00fa\u010dtujeme n\u00e1klady na dopravu ani baln\u00e9.<\/span><\/span><\/p>\n<p><span style=\"font-family: Roboto Condensed,sans-serif;\"><span style=\"font-size: medium;\">Obchodn\u00ed bal\u00edk \u010cesk\u00e1 po\u0161ta &#8211;\u00a0 \u010cesk\u00e1 po\u0161ta garantuje doru\u010den\u00ed z\u00e1silky n\u00e1sleduj\u00edc\u00ed pracovn\u00ed den po pod\u00e1n\u00ed z\u00e1silky. M\u016f\u017eete si zvolit, zda chcete bal\u00edk doru\u010dit p\u0159\u00edmo do rukou na konkr\u00e9tn\u00ed adresu nebo si ho vyzvednete na vybran\u00e9 po\u0161t\u011b, kdy se V\u00e1m to hod\u00ed. V\u00a0den pod\u00e1n\u00ed z\u00e1silky prost\u0159ednictv\u00edm \u010cesk\u00e9 po\u0161ty od n\u00e1s dostanete e-mail s\u00a0\u010d\u00edslem z\u00e1silky a informacemi o doru\u010den\u00ed.<\/span><\/span><\/p>\n<p><span style=\"font-family: Roboto Condensed,sans-serif;\"><span style=\"font-size: medium;\">Pokud V\u00e1s po\u0161tovn\u00ed doru\u010dovatel nezastihne na uveden\u00e9 adrese, ponech\u00e1 V\u00e1m v\u00a0po\u0161tovn\u00ed schr\u00e1nce v\u00fdzvu k\u00a0vyzvednut\u00ed z\u00e1silky a z\u00e1silka z\u016fstane ulo\u017eena na Va\u0161\u00ed dodac\u00ed po\u0161t\u011b. V\u00fdzva, kterou naleznete v\u00a0po\u0161tovn\u00ed schr\u00e1nce, obsahuje i kontaktn\u00ed informace (adresa, tel. \u010d\u00edslo, provozn\u00ed doba) pobo\u010dky po\u0161ty, kde m\u00e1te z\u00e1silku ulo\u017eenou. \u010cesk\u00e1 po\u0161ta nab\u00edz\u00ed i opakovan\u00e9 doru\u010den\u00ed z\u00e1silky b\u011b\u017enou doru\u010dovac\u00ed poch\u016fzkou ve V\u00e1mi zvolen\u00fd den.<\/span><\/span><\/p>\n<p><span style=\"font-family: Roboto Condensed,sans-serif;\"><span style=\"font-size: medium;\">On-line sledov\u00e1n\u00ed z\u00e1silek \u010cesk\u00e9 po\u0161ty.<\/span><\/span><\/p>\n<p><span style=\"font-family: Roboto Condensed,sans-serif;\"><span style=\"font-size: medium;\">P\u0159ed p\u0159evzet\u00edm zbo\u017e\u00ed od \u010cesk\u00e9 po\u0161ty v\u017edy pe\u010dliv\u011b zkontrolujte, zda je obal i v\u00fdrobek neporu\u0161en\u00fd. V\u00a0p\u0159\u00edpad\u011b po\u0161kozen\u00e9ho transportn\u00edho obalu zbo\u017e\u00ed nep\u0159eb\u00edrejte! Je-li zbo\u017e\u00ed po\u0161kozeno, i kdy\u017e byl obal neporu\u0161en\u00fd, je pot\u0159eba o t\u00e9to skute\u010dnosti co nejd\u0159\u00edve informovat \u010ceskou po\u0161tu nebo na\u0161i spole\u010dnost. \u010ceskou po\u0161tu je nejlep\u0161\u00ed informovat osobn\u011b v\u00a0den doru\u010den\u00ed z\u00e1silky, a to na kter\u00e9koliv pobo\u010dce po\u0161ty.\u00a0\u00a0<\/span><\/span><\/p>\n<p><span style=\"font-family: Roboto Condensed,sans-serif;\"><span style=\"font-size: medium;\">P\u0159ed p\u0159evzet\u00edm zbo\u017e\u00ed od \u010cesk\u00e9 po\u0161ty v\u017edy zkontrolujte, zda je obal i v\u00fdrobek neporu\u0161en\u00fd. V\u00a0p\u0159\u00edpad\u011b po\u0161kozen\u00e9ho transportn\u00edho obalu nebo jak\u00e9koliv nesrovnalosti zbo\u017e\u00ed nep\u0159eb\u00edrejte.<\/span><\/span><\/p>\n<p><span style=\"font-family: Roboto Condensed,sans-serif;\"><span style=\"font-size: medium;\"><b>CENA P\u0158EPRAVY<\/b><\/span><\/span><\/p>\n<p><span style=\"font-family: Roboto Condensed,sans-serif;\"><span style=\"font-size: medium;\">Za p\u0159epravu zbo\u017e\u00ed Bo\u0159ka \u0160\u00edpka prost\u0159ednictv\u00edm \u010cesk\u00e9 po\u0161ty \u00fa\u010dtujeme jednotnou cenu 199 K\u010d zahrnuj\u00edc\u00ed baln\u00e9, p\u0159epravn\u00e9, poji\u0161t\u011bn\u00ed z\u00e1silky, pop\u0159. poplatek za z\u00e1silku na dob\u00edrku.<\/span><\/span><\/p>\n<p><span style=\"font-family: Roboto Condensed,sans-serif;\"><span style=\"font-size: medium;\">P\u0159i osobn\u00edm odb\u011bru zbo\u017e\u00ed ne\u00fa\u010dtujeme baln\u00e9 ani \u017e\u00e1dn\u00fd dal\u0161\u00ed p\u0159\u00edplatek.<\/span><\/span><\/p>\n<p><span style=\"font-family: Roboto Condensed,sans-serif;\"><span style=\"font-size: medium;\">V p\u0159\u00edpad\u011b ostatn\u00edch d\u011bl je cena stanovena individu\u00e1ln\u011b dle na\u0161eho cen\u00edku.<\/span><\/span><\/p>\n<p><span style=\"font-family: Roboto Condensed,sans-serif;\"><span style=\"font-size: medium;\"><b>BALEN\u00cd ZBO\u017d\u00cd<\/b><\/span><\/span><\/p>\n<p><span style=\"font-family: Roboto Condensed,sans-serif;\"><span style=\"font-size: medium;\">Sklen\u011bn\u00e9 objekty Bo\u0159ka \u0160\u00edpka <\/span><\/span><\/p>\n<p><span style=\"font-family: Roboto Condensed,sans-serif;\"><span style=\"font-size: medium;\">&#8211; bal\u00edme do d\u00e1rkov\u00e9ho balen\u00ed (pap\u00edrov\u00e9 krabice s\u00a0potiskem, logem Bo\u0159ka \u0160\u00edpka a vnit\u0159n\u00ed sat\u00e9novou v\u00fdstelkou). Tato krabice je pot\u00e9 balena do p\u0159epravn\u00ed krabice. Pokud je objednan\u00e9 zbo\u017e\u00ed v\u011bt\u0161\u00edho rozsahu, p\u0159epravn\u00ed krabice zas\u00edl\u00e1me na palet\u011b r\u016fzn\u00fdch rozm\u011br\u016f. V\u00a0p\u0159\u00edpad\u011b z\u00e1jmu jsme schopni zajistit d\u00e1rkov\u00e9 balen\u00ed dle po\u017eadavk\u016f z\u00e1kazn\u00edka.<\/span><\/span><\/p>\n<p><span style=\"font-family: Roboto Condensed,sans-serif;\"><span style=\"font-size: medium;\">Ke ka\u017ed\u00e9mu v\u00fdrobku p\u0159ikl\u00e1d\u00e1me certifik\u00e1t osv\u011bd\u010duj\u00edc\u00ed p\u016fvod zbo\u017e\u00ed (Bo\u0159ek \u0160\u00edpek design) a obsahuj\u00edc\u00ed n\u00e1zev v\u00fdrobku, datum prodeje, pop\u0159. po\u0159adov\u00e9 \u010d\u00edslo v\u00fdrobku, jedn\u00e1-li se o limitovanou edici, a samoz\u0159ejm\u011b tak\u00e9 n\u00e1vod na pou\u017eit\u00ed v\u00fdrobk\u016f.<\/span><\/span><\/p>\n<p><span style=\"font-family: Roboto Condensed,sans-serif;\"><span style=\"font-size: medium;\">Ostatn\u00ed d\u00edla<\/span><\/span><\/p>\n<p><span style=\"font-family: Roboto Condensed,sans-serif;\"><span style=\"font-size: medium;\">&#8211; dle pot\u0159eby ochrany bal\u00edme do pap\u00edrov\u00fdch krabic, tubus\u016f \u010di d\u0159ev\u011bn\u00fdch beden v p\u0159\u00edpad\u011b t\u011b\u017e\u0161\u00edch objekt\u016f.<\/span><\/span><\/p>\n<p><span style=\"font-family: Roboto Condensed,sans-serif;\"><span style=\"font-size: medium;\"><b>OCHRANA OSOBN\u00cdCH \u00daDAJ\u016e<\/b><\/span><\/span><\/p>\n<p><span style=\"font-family: Roboto Condensed,sans-serif;\"><span style=\"font-size: medium;\">Spole\u010dnost Art Residence Prague s.r.o., I\u010c: 28526384, zpracov\u00e1v\u00e1 osobn\u00ed \u00fadaje v souladu se z\u00e1konem \u010d. 101\/2000 Sb., o ochran\u011b osobn\u00edch \u00fadaj\u016f, v platn\u00e9m zn\u011bn\u00ed. Osobn\u00ed \u00fadaje na\u0161ich z\u00e1kazn\u00edk\u016f nesd\u011blujeme t\u0159et\u00edm stran\u00e1m. Uzav\u0159en\u00edm kupn\u00ed smlouvy d\u00e1v\u00e1 kupuj\u00edc\u00ed souhlas se zpracov\u00e1n\u00edm poskytnut\u00fdch osobn\u00edch \u00fadaj\u016f v\u00fdhradn\u011b pro pot\u0159eby internetov\u00e9ho obchodu ARTRESIDENCEPRAGUE.COM.<\/span><\/span><\/p>\n<p>&nbsp;<\/p>\n<p><span style=\"font-family: Roboto Condensed,sans-serif;\"><span style=\"font-size: medium;\"><b>Z\u00c1RUKA<\/b><\/span><\/span><\/p>\n<p><span style=\"font-family: Roboto Condensed,sans-serif;\"><span style=\"font-size: medium;\">Ze z\u00e1kona maj\u00ed na\u0161i z\u00e1kazn\u00edci n\u00e1rok na 2-letou z\u00e1ru\u010dn\u00ed lh\u016ftu. Z\u00e1ru\u010dn\u00ed za\u010d\u00edn\u00e1 b\u011b\u017eet ode dne p\u0159evzet\u00ed zbo\u017e\u00ed z\u00e1kazn\u00edkem. Dojde-li k\u00a0v\u00fdm\u011bn\u011b zbo\u017e\u00ed za nov\u00e9, z\u00e1ru\u010dn\u00ed doba za\u010d\u00edn\u00e1 b\u011b\u017eet znovu od za\u010d\u00e1tku, a to po\u010d\u00ednaje dnem p\u0159evzet\u00ed nov\u00e9ho zbo\u017e\u00ed. Do z\u00e1ru\u010dn\u00ed doby se nezapo\u010d\u00edt\u00e1v\u00e1 doba reklamace zbo\u017e\u00ed (tj. doba od p\u0159ed\u00e1n\u00ed zbo\u017e\u00ed dodavateli k vy\u0159\u00edzen\u00ed reklamace po op\u011btovn\u00e9 p\u0159evzet\u00ed zbo\u017e\u00ed z\u00e1kazn\u00edkem po skon\u010den\u00ed z\u00e1ru\u010dn\u00ed opravy).<\/span><\/span><\/p>\n<p><span style=\"font-family: Roboto Condensed,sans-serif;\"><span style=\"font-size: medium;\"><b>VR\u00c1CEN\u00cd ZBO\u017d\u00cd VE 14-DENN\u00cd LH\u016eT\u011a<\/b><\/span><\/span><\/p>\n<p><span style=\"font-family: Roboto Condensed,sans-serif;\"><span style=\"font-size: medium;\">Pokud jste spot\u0159ebitel, resp. kone\u010dn\u00fd z\u00e1kazn\u00edk, zakoupen\u00e9 zbo\u017e\u00ed V\u00e1m nevyhovuje a chcete ho vr\u00e1tit nebo vym\u011bnit, m\u00e1te dle \u00a7 53 odst. 7 ob\u010dansk\u00e9ho z\u00e1kon\u00edku pr\u00e1vo zakoupen\u00e9 zbo\u017e\u00ed vr\u00e1tit bez ud\u00e1n\u00ed d\u016fvodu, a to do 14 kalend\u00e1\u0159n\u00edch dn\u016f od data p\u0159evzet\u00ed zbo\u017e\u00ed. N\u00e1rok na vr\u00e1cen\u00ed zbo\u017e\u00ed m\u00e1te i v p\u0159\u00edpad\u011b, \u017ee objedn\u00e1vku u\u010din\u00edte po internetu s osobn\u00edm odb\u011brem zbo\u017e\u00ed v\u00a0galerii Art Residence Prague \/ Dv\u016fr um\u011bn\u00ed Praha, Mosteck\u00e1 14, Praha 1 \u2013 Mal\u00e1 Strana, PS\u010c 118 00.<\/span><\/span><\/p>\n<p><span style=\"font-family: Roboto Condensed,sans-serif;\"><span style=\"font-size: medium;\">V p\u0159\u00edpad\u011b, \u017ee nejste spot\u0159ebitel, resp. zbo\u017e\u00ed nakupujete v r\u00e1mci sv\u00e9 obchodn\u00ed \u010di podnikatelsk\u00e9 \u010dinnosti, p\u0159i\u010dem\u017e o t\u00e9to skute\u010dnosti rozhoduje uveden\u00ed I\u010c na prodejn\u00edm dokladu, pr\u00e1vo na odstoupen\u00ed V\u00e1m nevznik\u00e1, proto\u017ee obchodn\u00ed z\u00e1kon\u00edk tuto mo\u017enost neuv\u00e1d\u00ed.<\/span><\/span><\/p>\n<p><span style=\"font-family: Roboto Condensed,sans-serif;\"><span style=\"font-size: medium;\">Od kupn\u00ed smlouvy je mo\u017en\u00e9 odstoupit do 14 kalend\u00e1\u0159n\u00edch dn\u016f, p\u0159i\u010dem\u017e lh\u016fta 14 dn\u016f za\u010d\u00edn\u00e1 b\u011b\u017eet n\u00e1sleduj\u00edc\u00ed kalend\u00e1\u0159n\u00ed den po p\u0159evzet\u00ed zbo\u017e\u00ed. Pokud kon\u010d\u00ed lh\u016fta o v\u00edkendu nebo ve st\u00e1tn\u00ed sv\u00e1tek, za posledn\u00ed den lh\u016fty je pova\u017eov\u00e1n nejbli\u017e\u0161\u00ed n\u00e1sleduj\u00edc\u00ed pracovn\u00ed den. P\u00edsemn\u00e9 odstoupen\u00ed od kupn\u00ed smlouvy n\u00e1m mus\u00ed b\u00fdt doru\u010deno nejpozd\u011bji v\u00a0posledn\u00ed den t\u00e9to 14-denn\u00ed lh\u016fty, tj. nesta\u010d\u00ed ozn\u00e1men\u00ed o odstoupen\u00ed od kupn\u00ed smlouvy v\u00a0tento den pouze odeslat. Samotn\u00e9 zbo\u017e\u00ed m\u016f\u017ee b\u00fdt po dohod\u011b vr\u00e1ceno i pozd\u011bji. Odstoupen\u00ed od smlouvy m\u016f\u017eete zaslat elektronicky na katerina@artresidenceprague.com nebo po\u0161tou na adresu Art Residence Prague, Mosteck\u00e1 14, 118 00 Praha 1 \u2013 Mal\u00e1 Strana.<\/span><\/span><\/p>\n<p><span style=\"font-family: Roboto Condensed,sans-serif;\"><span style=\"font-size: medium;\">Pros\u00edme vr\u00e1cen\u00e9 zbo\u017e\u00ed vzhledem k\u00a0jeho povaze dob\u0159e zabalte, aby nedo\u0161lo k\u00a0po\u0161kozen\u00ed zbo\u017e\u00ed b\u011bhem p\u0159epravy. Rozbalen\u00edm ani pou\u017eit\u00edm zbo\u017e\u00ed nezanik\u00e1 pr\u00e1vo na odstoupen\u00ed od smlouvy bez ud\u00e1n\u00ed d\u016fvodu a zbo\u017e\u00ed nemus\u00ed b\u00fdt vr\u00e1ceno v\u00a0p\u016fvodn\u00edm obalu. Nicm\u00e9n\u011b dodavatel m\u00e1 dle z\u00e1kona pr\u00e1vo na \u00fahradu n\u00e1klad\u016f spojen\u00fdch s\u00a0uveden\u00edm zbo\u017e\u00ed do p\u016fvodn\u00edho stavu nebo nov\u00fdm zabalen\u00edm zbo\u017e\u00ed. N\u00e1klady na vr\u00e1cen\u00ed zbo\u017e\u00ed spojen\u00e9 s\u00a0jeho p\u0159epravou zp\u011bt k\u00a0dodavateli nese kupuj\u00edc\u00ed.<\/span><\/span><\/p>\n<p><span style=\"font-family: Roboto Condensed,sans-serif;\"><span style=\"font-size: medium;\">Ke vr\u00e1cen\u00e9mu zbo\u017e\u00ed doporu\u010dujeme v\u017edy p\u0159ilo\u017eit dokument, kter\u00fd potvrd\u00ed, \u017ee jste zbo\u017e\u00ed zakoupili p\u0159es e-shop ARTRESIDENCEPRAGUE.COM a usnadn\u00ed n\u00e1m identifikaci zbo\u017e\u00ed i z\u00e1kazn\u00edka (n\u00e1kupn\u00ed faktura apod.).<\/span><\/span><\/p>\n<p><span style=\"font-family: Roboto Condensed,sans-serif;\"><span style=\"font-size: medium;\">Pen\u00edze za vr\u00e1cen\u00e9 zbo\u017e\u00ed V\u00e1m za\u0161leme co nejd\u0159\u00edve, nejpozd\u011bji do 30 kalend\u00e1\u0159n\u00edch dn\u016f od odstoupen\u00ed od smlouvy, a to p\u0159evodem na bankovn\u00ed \u00fa\u010det, pop\u0159. vyplat\u00edme v\u00a0hotovosti na na\u0161ich prodejn\u00edch m\u00edstech.<\/span><\/span><\/p>\n<p><span style=\"font-family: Roboto Condensed,sans-serif;\"><span style=\"font-size: medium;\">\u00dapln\u00e9 zn\u011bn\u00ed Obchodn\u00edch podm\u00ednek zde.<\/span><\/span><\/p>\n<\/div>\n","protected":false},"excerpt":{"rendered":"<p>Obchodn\u00ed JAK NAKUPOVAT Pro usnadn\u011bn\u00ed orientace v\u00a0na\u0161em e-shopu jsme zbo\u017e\u00ed rozd\u011blili do n\u011bkolika kategori\u00ed, jejich\u017e seznam naleznete v\u00a0menu v\u00a0lev\u00e9m sloupci. Pokud ji\u017e zn\u00e1te n\u00e1zev v\u00fdrobku, o kter\u00fd m\u00e1te z\u00e1jem, pou\u017eijte \u0159\u00e1dek pro vyhled\u00e1v\u00e1n\u00ed um\u00edst\u011bn\u00fd v\u00a0horn\u00ed \u010d\u00e1sti str\u00e1nky. U ka\u017ed\u00e9ho produktu naleznete jeho stru\u010dn\u00fd popis, rozm\u011bry, cenu, barevn\u00e9 varianty a aktu\u00e1ln\u00ed dostupnost. V\u011bt\u0161inu nab\u00edzen\u00e9ho zbo\u017e\u00ed jsme schopni doru\u010dit nejpozd\u011bji do 14 dn\u00ed od zasl\u00e1n\u00ed objedn\u00e1vky \/nebo v dob\u011b stanoven\u00e9 u jednotliv\u00fdch polo\u017eek\/ a uhrazen\u00ed na n\u00e1\u0161&hellip;<\/p>\n","protected":false},"author":1,"featured_media":0,"parent":0,"menu_order":0,"comment_status":"closed","ping_status":"closed","template":"","meta":[],"_links":{"self":[{"href":"https:\/\/artresidenceprague.com\/catalog\/czech\/wp-json\/wp\/v2\/pages\/1767"}],"collection":[{"href":"https:\/\/artresidenceprague.com\/catalog\/czech\/wp-json\/wp\/v2\/pages"}],"about":[{"href":"https:\/\/artresidenceprague.com\/catalog\/czech\/wp-json\/wp\/v2\/types\/page"}],"author":[{"embeddable":true,"href":"https:\/\/artresidenceprague.com\/catalog\/czech\/wp-json\/wp\/v2\/users\/1"}],"replies":[{"embeddable":true,"href":"https:\/\/artresidenceprague.com\/catalog\/czech\/wp-json\/wp\/v2\/comments?post=1767"}],"version-history":[{"count":6,"href":"https:\/\/artresidenceprague.com\/catalog\/czech\/wp-json\/wp\/v2\/pages\/1767\/revisions"}],"predecessor-version":[{"id":2006,"href":"https:\/\/artresidenceprague.com\/catalog\/czech\/wp-json\/wp\/v2\/pages\/1767\/revisions\/2006"}],"wp:attachment":[{"href":"https:\/\/artresidenceprague.com\/catalog\/czech\/wp-json\/wp\/v2\/media?parent=1767"}],"curies":[{"name":"wp","href":"https:\/\/api.w.org\/{rel}","templated":true}]}}