{"id":1675,"date":"2016-11-16T15:53:37","date_gmt":"2016-11-16T15:53:37","guid":{"rendered":"http:\/\/artresidenceprague.com\/catalog\/?page_id=1675"},"modified":"2024-04-14T12:47:21","modified_gmt":"2024-04-14T12:47:21","slug":"about-us","status":"publish","type":"page","link":"https:\/\/artresidenceprague.com\/catalog\/czech\/about-us\/","title":{"rendered":"About Us"},"content":{"rendered":"<p>[vc_row][vc_column][vc_column_text]<\/p>\n<h2 class=\"western\">O N\u00c1S<\/h2>\n<p>ART RESIDENCE PRAGUE . DV\u016eR UM\u011aN\u00cd PRAHA<img decoding=\"async\" loading=\"lazy\" class=\"size-medium wp-image-3700 alignright\" src=\"http:\/\/artresidenceprague.com\/catalog\/czech\/wp-content\/uploads\/sites\/2\/2020\/10\/Kate\u0159ina-Ad\u00e1mkov\u00e1_36-189x300.jpg\" alt=\"\" width=\"189\" height=\"300\" srcset=\"https:\/\/artresidenceprague.com\/catalog\/czech\/wp-content\/uploads\/sites\/2\/2020\/10\/Kate\u0159ina-Ad\u00e1mkov\u00e1_36-189x300.jpg 189w, https:\/\/artresidenceprague.com\/catalog\/czech\/wp-content\/uploads\/sites\/2\/2020\/10\/Kate\u0159ina-Ad\u00e1mkov\u00e1_36-768x1220.jpg 768w, https:\/\/artresidenceprague.com\/catalog\/czech\/wp-content\/uploads\/sites\/2\/2020\/10\/Kate\u0159ina-Ad\u00e1mkov\u00e1_36-645x1024.jpg 645w, https:\/\/artresidenceprague.com\/catalog\/czech\/wp-content\/uploads\/sites\/2\/2020\/10\/Kate\u0159ina-Ad\u00e1mkov\u00e1_36-15x24.jpg 15w, https:\/\/artresidenceprague.com\/catalog\/czech\/wp-content\/uploads\/sites\/2\/2020\/10\/Kate\u0159ina-Ad\u00e1mkov\u00e1_36-23x36.jpg 23w, https:\/\/artresidenceprague.com\/catalog\/czech\/wp-content\/uploads\/sites\/2\/2020\/10\/Kate\u0159ina-Ad\u00e1mkov\u00e1_36-30x48.jpg 30w, https:\/\/artresidenceprague.com\/catalog\/czech\/wp-content\/uploads\/sites\/2\/2020\/10\/Kate\u0159ina-Ad\u00e1mkov\u00e1_36.jpg 794w\" sizes=\"(max-width: 189px) 100vw, 189px\" \/><\/p>\n<p>V\u00edtejte v skryt\u00e9 \u0159\u00ed\u0161i um\u011bn\u00ed a viz\u00ed u Karlova mostu!<img decoding=\"async\" loading=\"lazy\" class=\"size-medium wp-image-3696 alignright\" src=\"http:\/\/artresidenceprague.com\/catalog\/czech\/wp-content\/uploads\/sites\/2\/2020\/10\/DSC_0254-199x300.jpg\" alt=\"\" width=\"199\" height=\"300\" srcset=\"https:\/\/artresidenceprague.com\/catalog\/czech\/wp-content\/uploads\/sites\/2\/2020\/10\/DSC_0254-199x300.jpg 199w, https:\/\/artresidenceprague.com\/catalog\/czech\/wp-content\/uploads\/sites\/2\/2020\/10\/DSC_0254-16x24.jpg 16w, https:\/\/artresidenceprague.com\/catalog\/czech\/wp-content\/uploads\/sites\/2\/2020\/10\/DSC_0254-24x36.jpg 24w, https:\/\/artresidenceprague.com\/catalog\/czech\/wp-content\/uploads\/sites\/2\/2020\/10\/DSC_0254-32x48.jpg 32w, https:\/\/artresidenceprague.com\/catalog\/czech\/wp-content\/uploads\/sites\/2\/2020\/10\/DSC_0254.jpg 513w\" sizes=\"(max-width: 199px) 100vw, 199px\" \/><\/p>\n<p>NAJDETE TU<\/p>\n<p>Kav\u00e1rnu ART CAF\u00c9 14 &#8211; galerii Bo\u0159ka \u0160\u00edpka a Vladim\u00edra Obra, obchod s um\u011bn\u00edm, sochy, havajsk\u00e9 \u0161perky z prav\u00fdch orchidej\u00ed a kapradin, kameny, vyku\u0159ovadla a krystaly.\u00a0 M\u00e1me tu vnit\u0159n\u00ed pl\u00e1\u017e vysypanou drcen\u00fdm italsk\u00fdm mramorem pro meditace a setk\u00e1v\u00e1n\u00ed, tvo\u0159en\u00ed i soukrom\u00e9 akce. Vedle kav\u00e1rny najdete i ateli\u00e9r a galerii zakladatelky KOA.<\/p>\n<p>Jsme otev\u0159eni denn\u011b od 10-19 hod.<\/p>\n<p>Kontakt:\u00a0Kate\u0159ina Ad\u00e1mkov\u00e1, <a href=\"mailto:katerina@artresidenceprague.com\">katerina@artresidenceprague.com<\/a>, m. +420 777 713 315<\/p>\n<p>ZAJ\u00cdMAV\u00c1 HISTORIE M\u00cdSTA<\/p>\n<h2 class=\"western\"><img decoding=\"async\" loading=\"lazy\" class=\" wp-image-1676 alignright\" src=\"http:\/\/artresidenceprague.com\/catalog\/czech\/wp-content\/uploads\/sites\/2\/2016\/11\/AboutUs3-200x300.jpg\" alt=\"aboutus3\" width=\"173\" height=\"260\" srcset=\"https:\/\/artresidenceprague.com\/catalog\/czech\/wp-content\/uploads\/sites\/2\/2016\/11\/AboutUs3-200x300.jpg 200w, https:\/\/artresidenceprague.com\/catalog\/czech\/wp-content\/uploads\/sites\/2\/2016\/11\/AboutUs3.jpg 600w\" sizes=\"(max-width: 173px) 100vw, 173px\" \/><\/h2>\n<p align=\"justify\">Dv\u016fr a galerie je pod biskupskou v\u011b\u017e\u00ed, kter\u00e1 pat\u0159\u00ed k nejstar\u0161\u00edm pam\u00e1tk\u00e1m Prahy. Tato v\u011b\u017e je poz\u016fstatkem Biskupsk\u00e9ho dvora, kter\u00fd ve 12. stolet\u00ed vybudoval biskup Jind\u0159ich B\u0159etislav. V\u00fdstavba dvora nejsp\u00ed\u0161 navazovala na stavbu daleko star\u0161\u00edho Juditina mostu. V roce 1410 byly pr\u00e1v\u011b tady p\u00e1leny knihy anglick\u00e9ho reform\u00e1tora Wycliffa. V roce 1414 tady Jan Hus p\u0159ibil na vrata svoje prohl\u00e1\u0161en\u00ed o v\u00ed\u0159e a o tom, \u017ee je ochoten h\u00e1jit ho u koncilu v Kostnici. O n\u011bkolik let pozd\u011bji husit\u00e9 cel\u0117 biskupsk\u00e9 s\u00eddlo vyplenili. Dv\u016fr u\u017e nikdy nebyl obnoven a dochovala se jen jedna z gotick\u00fdch v\u011b\u017e\u00ed, kterou m\u016f\u017eete p\u0159i p\u0159\u00edchodu do dvora spat\u0159it.<\/p>\n<p align=\"justify\">Znaky, kter\u00e9 jsou na v\u011b\u017ei um\u00edst\u011bny ze strany, pat\u0159ily Janu O\u010dkovi z Vla\u0161imi, pra\u017esk\u00fd biskup (1364-1379).<\/p>\n<p>P\u0158EDSTAVEN\u00cd ZAKLADATELKY<\/p>\n<p>V roce 2010 jsem zalo\u017eila Art Residence Prague pro prezentaci autor\u016f a <img decoding=\"async\" loading=\"lazy\" class=\"size-medium wp-image-3697 alignright\" src=\"http:\/\/artresidenceprague.com\/catalog\/czech\/wp-content\/uploads\/sites\/2\/2020\/10\/20160104_221112_resized-kopie-300x169.jpg\" alt=\"KOA\" width=\"300\" height=\"169\" srcset=\"https:\/\/artresidenceprague.com\/catalog\/czech\/wp-content\/uploads\/sites\/2\/2020\/10\/20160104_221112_resized-kopie-300x169.jpg 300w, https:\/\/artresidenceprague.com\/catalog\/czech\/wp-content\/uploads\/sites\/2\/2020\/10\/20160104_221112_resized-kopie-24x14.jpg 24w, https:\/\/artresidenceprague.com\/catalog\/czech\/wp-content\/uploads\/sites\/2\/2020\/10\/20160104_221112_resized-kopie-36x20.jpg 36w, https:\/\/artresidenceprague.com\/catalog\/czech\/wp-content\/uploads\/sites\/2\/2020\/10\/20160104_221112_resized-kopie-48x27.jpg 48w, https:\/\/artresidenceprague.com\/catalog\/czech\/wp-content\/uploads\/sites\/2\/2020\/10\/20160104_221112_resized-kopie.jpg 567w\" sizes=\"(max-width: 300px) 100vw, 300px\" \/>um\u011blc\u016f, se kter\u00fdmi spolupracuji ji\u017e 15 let. Dv\u016fr byl v po\u010d\u00e1tku galeri\u00ed zam\u011b\u0159enou v\u00fdhradn\u011b <img decoding=\"async\" loading=\"lazy\" class=\"wp-image-1678 alignleft\" src=\"http:\/\/artresidenceprague.com\/catalog\/czech\/wp-content\/uploads\/sites\/2\/2016\/11\/AboutUs1-300x199.jpg\" alt=\"aboutus1\" width=\"409\" height=\"271\" srcset=\"https:\/\/artresidenceprague.com\/catalog\/czech\/wp-content\/uploads\/sites\/2\/2016\/11\/AboutUs1-300x199.jpg 300w, https:\/\/artresidenceprague.com\/catalog\/czech\/wp-content\/uploads\/sites\/2\/2016\/11\/AboutUs1-768x510.jpg 768w, https:\/\/artresidenceprague.com\/catalog\/czech\/wp-content\/uploads\/sites\/2\/2016\/11\/AboutUs1.jpg 772w\" sizes=\"(max-width: 409px) 100vw, 409px\" \/>na \u010desk\u00e9 v\u00fdtvarn\u00edky a \u010deskou sklen\u011bnou plastiku.<\/p>\n<p>Jako cel\u00fd m\u016fj \u017eivot je intuitivn\u00ed &amp; vizion\u00e1\u0159skou cestou i toto s\u00eddlo pro\u0161lo podobn\u00fdm v\u00fdvojem. V sou\u010dasnosti naleznete kompletn\u00ed nab\u00eddku um\u011bleck\u00fdch d\u011bl na <span style=\"color: #4bacc6;\">eShopu <\/span>nebo lze p\u0159edem domluvit osobn\u00ed prezentaci.<\/p>\n<p><img decoding=\"async\" loading=\"lazy\" class=\"size-medium wp-image-3691 alignright\" src=\"http:\/\/artresidenceprague.com\/catalog\/czech\/wp-content\/uploads\/sites\/2\/2020\/10\/DSC_0268-300x199.jpg\" alt=\"koa\" width=\"300\" height=\"199\" srcset=\"https:\/\/artresidenceprague.com\/catalog\/czech\/wp-content\/uploads\/sites\/2\/2020\/10\/DSC_0268-300x199.jpg 300w, https:\/\/artresidenceprague.com\/catalog\/czech\/wp-content\/uploads\/sites\/2\/2020\/10\/DSC_0268-768x510.jpg 768w, https:\/\/artresidenceprague.com\/catalog\/czech\/wp-content\/uploads\/sites\/2\/2020\/10\/DSC_0268-24x16.jpg 24w, https:\/\/artresidenceprague.com\/catalog\/czech\/wp-content\/uploads\/sites\/2\/2020\/10\/DSC_0268-36x24.jpg 36w, https:\/\/artresidenceprague.com\/catalog\/czech\/wp-content\/uploads\/sites\/2\/2020\/10\/DSC_0268-48x32.jpg 48w, https:\/\/artresidenceprague.com\/catalog\/czech\/wp-content\/uploads\/sites\/2\/2020\/10\/DSC_0268.jpg 772w\" sizes=\"(max-width: 300px) 100vw, 300px\" \/><\/p>\n<p>[\/vc_column_text][vc_column_text]<\/p>\n<h2 class=\"vc_custom_heading\"><img decoding=\"async\" loading=\"lazy\" class=\"wp-image-1980 alignright\" src=\"http:\/\/artresidenceprague.com\/catalog\/czech\/wp-content\/uploads\/sites\/2\/2016\/11\/zipek.jpg\" width=\"194\" height=\"255\" \/><\/h2>\n<p>BO\u0158EK \u0160\u00cdPEK<\/p>\n<p>Galerie Art Residence Prague byla posledn\u00ed galeri\u00ed Bo\u0159ka \u0160\u00edpka v Praze. St\u00e1le u n\u00e1s najdete v\u00fdb\u011br z jeho tvorby.<\/p>\n<p>V\u00edce zde:\u00a0<a href=\"http:\/\/artresidenceprague.com\/catalog\/czech\/kategorie-produktu\/borek-sipek-glass\/\">http:\/\/artresidenceprague.com\/catalog\/czech\/kategorie-produktu\/borek-sipek-glass\/<\/a><\/p>\n<p>Um\u011bleck\u00e1 d\u00edla jsou po domluv\u011b k vid\u011bn\u00ed v galerii nebo vyrobena na objedn\u00e1vku. Nyn\u00ed jsou objedn\u00e1vky mo\u017en\u00e9 pouze po p\u0159edchoz\u00ed osobn\u00ed konzultaci.<\/p>\n<p>Katalogy Bo\u0159ka \u0160\u00edpka V\u00e1m r\u00e1da za\u0161lu na vy\u017e\u00e1d\u00e1n\u00ed emailem.<\/p>\n<p>Pro v\u00edce informac\u00ed mne pros\u00edm kontaktujte:<\/p>\n<p>Kate\u0159ina Ad\u00e1mkov\u00e1, <a href=\"mailto:katerina@artresidenceprague.com\">katerina@artresidenceprague.com<\/a>, m. +420 777713315<\/p>\n<p>[\/vc_column_text][vc_column_text]<br \/>\nATELI\u00c9R<\/p>\n<p>ARTIST -IN-RESIDENCE<br \/>\nCREATIVITY<\/p>\n<p>Otev\u0159ela jsem br\u00e1ny dvora i pro tvorbu dal\u0161\u00edch lid\u00ed. M\u00fdm posl\u00e1n\u00edm je podpo<img decoding=\"async\" loading=\"lazy\" class=\" wp-image-1981 alignright\" src=\"http:\/\/artresidenceprague.com\/catalog\/czech\/wp-content\/uploads\/sites\/2\/2016\/11\/atelier-300x199.jpg\" alt=\"atelier\" width=\"395\" height=\"262\" srcset=\"https:\/\/artresidenceprague.com\/catalog\/czech\/wp-content\/uploads\/sites\/2\/2016\/11\/atelier-300x199.jpg 300w, https:\/\/artresidenceprague.com\/catalog\/czech\/wp-content\/uploads\/sites\/2\/2016\/11\/atelier-768x510.jpg 768w, https:\/\/artresidenceprague.com\/catalog\/czech\/wp-content\/uploads\/sites\/2\/2016\/11\/atelier.jpg 772w\" sizes=\"(max-width: 395px) 100vw, 395px\" \/>ra kreativity. Kreativity v nej\u0161ir\u0161\u00edm m\u011b\u0159\u00edtku. Proto ru\u0161\u00edm klasick\u00e9 pojet\u00ed artist-in-residence a m\u00ed\u0159\u00edm t\u00edmto k \u0161irok\u00e9 ve\u0159ejnosti. Proces tvo\u0159en\u00ed je na\u0161\u00ed p\u0159irozenou vlastnost\u00ed, kterou pot\u0159ebujeme k \u017eivotu. Na\u0161la jsem celou \u0161k\u00e1lu blok\u016f a limit\u016f, kter\u00e9 v dne\u0161n\u00ed spole\u010dnosti vznikaj\u00ed a zastavuj\u00ed tak lidi na jejich p\u0159irozen\u00fdch cest\u00e1ch. Pochopiteln\u011b jsem se v tomto nejv\u00edce nau\u010dila na sob\u011b a p\u0159ekon\u00e1n\u00ed sv\u00fdch vlastn\u00edch p\u0159ek\u00e1\u017eek. Te\u010f to chci usnadnit dal\u0161\u00edm.<br \/>\nPro m\u011b je p\u0159irozenost na nejvy\u0161\u0161\u00edch vrcholech na\u0161ich hodnot a \u017eivotem m\u011b m\u00e9 motto prov\u00e1z\u00ed na v\u0161ech cest\u00e1ch, p\u0159i v\u0161em, co d\u011bl\u00e1m a c\u00edt\u00edm. Citlivost a l\u00e1ska je dal\u0161\u00edm velk\u00fdm obsahem, kter\u00fd p\u0159ijde s Aloha Spirit a kter\u00fd jsem m\u011bla to \u0161t\u011bst\u00ed navn\u00edmat na Hawaii.<\/p>\n<p><img decoding=\"async\" loading=\"lazy\" class=\" wp-image-1983 alignleft\" src=\"http:\/\/artresidenceprague.com\/catalog\/czech\/wp-content\/uploads\/sites\/2\/2016\/11\/artist2-300x199.jpg\" alt=\"artist2\" width=\"387\" height=\"257\" srcset=\"https:\/\/artresidenceprague.com\/catalog\/czech\/wp-content\/uploads\/sites\/2\/2016\/11\/artist2-300x199.jpg 300w, https:\/\/artresidenceprague.com\/catalog\/czech\/wp-content\/uploads\/sites\/2\/2016\/11\/artist2-768x510.jpg 768w, https:\/\/artresidenceprague.com\/catalog\/czech\/wp-content\/uploads\/sites\/2\/2016\/11\/artist2-1024x680.jpg 1024w\" sizes=\"(max-width: 387px) 100vw, 387px\" \/><span style=\"font-size: inherit;\">Z\u00e1jemc\u016fm i skupin\u00e1m r\u00e1da poskytnu v\u00edce infomac\u00ed.<\/span><\/p>\n<p><em>\u201cP\u0159irozen\u00e1 podstata v\u0161eho, co existuje, je pro mne posv\u00e1tn\u00e1.\u201d \u00a0K<\/em><em>OA<\/em><\/p>\n<p>ATELI\u00c9R<br \/>\nDal\u0161\u00ed \u010d\u00e1st\u00ed dvora je m\u016fj ateli\u00e9r a prezentace m\u00fdch kolekc\u00ed a viz\u00ed \/\u010d\u00e1st stvo\u0159en\u00ed jsou \u010dist\u011b vizion\u00e1\u0159sk\u00e1 d\u00edla\/.<br \/>\nV\u00edce link: <a href=\"https:\/\/artresidenceprague.com\/catalog\/czech\/kategorie-produktu\/koa-collection\/\">KOA<\/a><\/p>\n<p>Malostransk\u00fd pozdrav v\u0161em,<\/p>\n<p>t\u011b\u0161\u00edme se na v\u00e1s,<\/p>\n<p>KOA &amp; t\u00fdm<\/p>\n<p>[\/vc_column_text][\/vc_column][\/vc_row]<\/p>\n<p><img decoding=\"async\" loading=\"lazy\" class=\"alignnone size-medium wp-image-3694\" src=\"http:\/\/artresidenceprague.com\/catalog\/czech\/wp-content\/uploads\/sites\/2\/2020\/10\/DSC_0251-300x199.jpg\" alt=\"DV\u016eR\" width=\"300\" height=\"199\" srcset=\"https:\/\/artresidenceprague.com\/catalog\/czech\/wp-content\/uploads\/sites\/2\/2020\/10\/DSC_0251-300x199.jpg 300w, https:\/\/artresidenceprague.com\/catalog\/czech\/wp-content\/uploads\/sites\/2\/2020\/10\/DSC_0251-768x510.jpg 768w, https:\/\/artresidenceprague.com\/catalog\/czech\/wp-content\/uploads\/sites\/2\/2020\/10\/DSC_0251-24x16.jpg 24w, https:\/\/artresidenceprague.com\/catalog\/czech\/wp-content\/uploads\/sites\/2\/2020\/10\/DSC_0251-36x24.jpg 36w, https:\/\/artresidenceprague.com\/catalog\/czech\/wp-content\/uploads\/sites\/2\/2020\/10\/DSC_0251-48x32.jpg 48w, https:\/\/artresidenceprague.com\/catalog\/czech\/wp-content\/uploads\/sites\/2\/2020\/10\/DSC_0251.jpg 772w\" sizes=\"(max-width: 300px) 100vw, 300px\" \/><\/p>\n","protected":false},"excerpt":{"rendered":"<p>[vc_row][vc_column][vc_column_text] O N\u00c1S ART RESIDENCE PRAGUE . DV\u016eR UM\u011aN\u00cd PRAHA V\u00edtejte v skryt\u00e9 \u0159\u00ed\u0161i um\u011bn\u00ed a viz\u00ed u Karlova mostu! NAJDETE TU Kav\u00e1rnu ART CAF\u00c9 14 &#8211; galerii Bo\u0159ka \u0160\u00edpka a Vladim\u00edra Obra, obchod s um\u011bn\u00edm, sochy, havajsk\u00e9 \u0161perky z prav\u00fdch orchidej\u00ed a kapradin, kameny, vyku\u0159ovadla a krystaly.\u00a0 M\u00e1me tu vnit\u0159n\u00ed pl\u00e1\u017e vysypanou drcen\u00fdm italsk\u00fdm mramorem pro meditace a setk\u00e1v\u00e1n\u00ed, tvo\u0159en\u00ed i soukrom\u00e9 akce. Vedle kav\u00e1rny najdete i ateli\u00e9r a galerii zakladatelky KOA. Jsme otev\u0159eni&hellip;<\/p>\n","protected":false},"author":1,"featured_media":0,"parent":0,"menu_order":0,"comment_status":"closed","ping_status":"closed","template":"","meta":[],"_links":{"self":[{"href":"https:\/\/artresidenceprague.com\/catalog\/czech\/wp-json\/wp\/v2\/pages\/1675"}],"collection":[{"href":"https:\/\/artresidenceprague.com\/catalog\/czech\/wp-json\/wp\/v2\/pages"}],"about":[{"href":"https:\/\/artresidenceprague.com\/catalog\/czech\/wp-json\/wp\/v2\/types\/page"}],"author":[{"embeddable":true,"href":"https:\/\/artresidenceprague.com\/catalog\/czech\/wp-json\/wp\/v2\/users\/1"}],"replies":[{"embeddable":true,"href":"https:\/\/artresidenceprague.com\/catalog\/czech\/wp-json\/wp\/v2\/comments?post=1675"}],"version-history":[{"count":42,"href":"https:\/\/artresidenceprague.com\/catalog\/czech\/wp-json\/wp\/v2\/pages\/1675\/revisions"}],"predecessor-version":[{"id":4134,"href":"https:\/\/artresidenceprague.com\/catalog\/czech\/wp-json\/wp\/v2\/pages\/1675\/revisions\/4134"}],"wp:attachment":[{"href":"https:\/\/artresidenceprague.com\/catalog\/czech\/wp-json\/wp\/v2\/media?parent=1675"}],"curies":[{"name":"wp","href":"https:\/\/api.w.org\/{rel}","templated":true}]}}